{"id":8,"date":"2023-10-06T14:40:54","date_gmt":"2023-10-06T12:40:54","guid":{"rendered":"https:\/\/www.azucarlounge.com\/supermercado\/mi-cuenta\/"},"modified":"2024-10-16T13:20:48","modified_gmt":"2024-10-16T17:20:48","slug":"mi-cuenta","status":"publish","type":"page","link":"https:\/\/www.azucarlounge.com\/licorera\/mi-cuenta\/","title":{"rendered":"Mi cuenta"},"content":{"rendered":"\t\t<div data-elementor-type=\"wp-page\" data-elementor-id=\"8\" class=\"elementor elementor-8\" data-elementor-post-type=\"page\">\n\t\t\t\t<div class=\"elementor-element elementor-element-5de14bd e-flex e-con-boxed e-con e-parent\" data-id=\"5de14bd\" data-element_type=\"container\" data-e-type=\"container\" data-settings=\"{&quot;jet_parallax_layout_list&quot;:[]}\">\n\t\t\t\t\t<div class=\"e-con-inner\">\n\t\t<div class=\"elementor-element elementor-element-c2edd6a e-con-full elementor-hidden-mobile e-flex e-con e-child\" data-id=\"c2edd6a\" data-element_type=\"container\" data-e-type=\"container\" data-settings=\"{&quot;background_background&quot;:&quot;classic&quot;,&quot;jet_parallax_layout_list&quot;:[]}\">\n\t\t\t\t<\/div>\n\t\t<div class=\"elementor-element elementor-element-5d3cadc e-con-full e-flex e-con e-child\" data-id=\"5d3cadc\" data-element_type=\"container\" data-e-type=\"container\" data-settings=\"{&quot;background_background&quot;:&quot;classic&quot;,&quot;jet_parallax_layout_list&quot;:[]}\">\n\t\t\t\t<div class=\"elementor-element elementor-element-8f88109 elementor-widget elementor-widget-heading\" data-id=\"8f88109\" data-element_type=\"widget\" data-e-type=\"widget\" data-widget_type=\"heading.default\">\n\t\t\t\t<div class=\"elementor-widget-container\">\n\t\t\t\t\t<h3 class=\"elementor-heading-title elementor-size-default\">Accede a tu cuenta<\/h3>\t\t\t\t<\/div>\n\t\t\t\t<\/div>\n\t\t\t\t<div class=\"elementor-element elementor-element-d767d55 elementor-widget elementor-widget-text-editor\" data-id=\"d767d55\" data-element_type=\"widget\" data-e-type=\"widget\" data-widget_type=\"text-editor.default\">\n\t\t\t\t<div class=\"elementor-widget-container\">\n\t\t\t\t\t\t\t\t\t<p>Inicia sesi\u00f3n para disfrutar de una experiencia m\u00e1s completa en <strong>One Brunch &amp; Liquors.<\/strong><\/p>\t\t\t\t\t\t\t\t<\/div>\n\t\t\t\t<\/div>\n\t\t\t\t<div class=\"elementor-element elementor-element-6696228 elementor-widget elementor-widget-login\" data-id=\"6696228\" data-element_type=\"widget\" data-e-type=\"widget\" data-widget_type=\"login.default\">\n\t\t\t\t<div class=\"elementor-widget-container\">\n\t\t\t\t\t\t\t<form class=\"elementor-login elementor-form\" method=\"post\" action=\"https:\/\/www.azucarlounge.com\/licorera\/wp-login.php\" aria-label=\"Login form\">\n\t\t\t<input type=\"hidden\" name=\"redirect_to\" value=\"\/licorera\/wp-json\/wp\/v2\/pages\/8\">\n\t\t\t<div class=\"elementor-form-fields-wrapper\">\n\t\t\t\t<div class=\"elementor-field-type-text elementor-field-group elementor-column elementor-col-100 elementor-field-required\">\n\t\t\t\t\t<label for=\"user-6696228\" class=\"elementor-field-label elementor-screen-only\"><\/label>\n\t\t\t\t\t<input size=\"1\" type=\"text\" name=\"log\" id=\"user-6696228\" placeholder=\"\" class=\"elementor-field elementor-field-textual elementor-size-md\">\n\t\t\t\t<\/div>\n\t\t\t\t<div class=\"elementor-field-type-text elementor-field-group elementor-column elementor-col-100 elementor-field-required\">\n\t\t\t\t\t<label for=\"password-6696228\" class=\"elementor-field-label elementor-screen-only\"><\/label>\n\t\t\t\t\t<input size=\"1\" type=\"password\" name=\"pwd\" id=\"password-6696228\" placeholder=\"\" class=\"elementor-field elementor-field-textual elementor-size-md\">\n\t\t\t\t<\/div>\n\n\t\t\t\t\t\t\t\t\t<div class=\"elementor-field-type-checkbox elementor-field-group elementor-column elementor-col-100 elementor-remember-me\">\n\t\t\t\t\t\t<label for=\"elementor-login-remember-me\">\n\t\t\t\t\t\t\t<input type=\"checkbox\" id=\"elementor-login-remember-me\" name=\"rememberme\" value=\"forever\">\n\t\t\t\t\t\t\tRecu\u00e9rdame\t\t\t\t\t\t<\/label>\n\t\t\t\t\t<\/div>\n\t\t\t\t\n\t\t\t\t<div class=\"elementor-field-group elementor-column elementor-field-type-submit elementor-col-100\">\n\t\t\t\t\t<button type=\"submit\" class=\"elementor-size-sm elementor-button\" name=\"wp-submit\">\n\t\t\t\t\t\t\t\t\t\t\t\t\t\t\t<span class=\"elementor-button-text\">Acceder<\/span>\n\t\t\t\t\t\t\t\t\t\t\t\t<\/button>\n\t\t\t\t<\/div>\n\n\t\t\t\t\t\t\t\t\t<div class=\"elementor-field-group elementor-column elementor-col-100\">\n\t\t\t\t\t\t\t\t\t\t\t\t\t\t\t\t\t\t\t\t<a class=\"elementor-lost-password\" href=\"https:\/\/www.azucarlounge.com\/licorera\/mi-cuenta\/contrasena-perdida\/\">\n\t\t\t\t\t\t\t\t\u00bfOlvid\u00f3 su contrase\u00f1a?\t\t\t\t\t\t\t<\/a>\n\t\t\t\t\t\t\n\t\t\t\t\t\t\t\t\t\t\t<\/div>\n\t\t\t\t\t\t\t<\/div>\n\t\t<\/form>\n\t\t\t\t\t\t<\/div>\n\t\t\t\t<\/div>\n\t\t\t\t<\/div>\n\t\t\t\t\t<\/div>\n\t\t\t\t<\/div>\n\t\t<div class=\"elementor-element elementor-element-ffb3b16 jedv-enabled--yes e-flex e-con-boxed e-con e-child\" data-id=\"ffb3b16\" data-element_type=\"container\" data-e-type=\"container\" data-settings=\"{&quot;jet_parallax_layout_list&quot;:[]}\">\n\t\t\t\t\t<div class=\"e-con-inner\">\n\t\t\t\t<div class=\"elementor-element elementor-element-c4ff98f elementor-widget-divider--view-line elementor-widget elementor-widget-divider\" data-id=\"c4ff98f\" data-element_type=\"widget\" data-e-type=\"widget\" data-widget_type=\"divider.default\">\n\t\t\t\t<div class=\"elementor-widget-container\">\n\t\t\t\t\t\t\t<div class=\"elementor-divider\">\n\t\t\t<span class=\"elementor-divider-separator\">\n\t\t\t\t\t\t<\/span>\n\t\t<\/div>\n\t\t\t\t\t\t<\/div>\n\t\t\t\t<\/div>\n\t\t\t\t\t<\/div>\n\t\t\t\t<\/div>\n\t\t<div class=\"elementor-element elementor-element-6fafb66 e-flex e-con-boxed e-con e-parent\" data-id=\"6fafb66\" data-element_type=\"container\" data-e-type=\"container\" data-settings=\"{&quot;jet_parallax_layout_list&quot;:[]}\">\n\t\t\t\t\t<div class=\"e-con-inner\">\n\t\t<div class=\"elementor-element elementor-element-244641f e-con-full e-flex e-con e-child\" data-id=\"244641f\" data-element_type=\"container\" data-e-type=\"container\" data-settings=\"{&quot;jet_parallax_layout_list&quot;:[]}\">\n\t\t\t\t<div class=\"elementor-element elementor-element-1535402 elementor-widget elementor-widget-heading\" data-id=\"1535402\" data-element_type=\"widget\" data-e-type=\"widget\" data-widget_type=\"heading.default\">\n\t\t\t\t<div class=\"elementor-widget-container\">\n\t\t\t\t\t<h3 class=\"elementor-heading-title elementor-size-default\">Registro de <br> cliente<\/h3>\t\t\t\t<\/div>\n\t\t\t\t<\/div>\n\t\t\t\t<div class=\"elementor-element elementor-element-08c6747 elementor-widget elementor-widget-text-editor\" data-id=\"08c6747\" data-element_type=\"widget\" data-e-type=\"widget\" data-widget_type=\"text-editor.default\">\n\t\t\t\t<div class=\"elementor-widget-container\">\n\t\t\t\t\t\t\t\t\t<p>Est\u00e1s apunto de registrate en One Brunch &amp; Liquors<\/p>\t\t\t\t\t\t\t\t<\/div>\n\t\t\t\t<\/div>\n\t\t\t\t<div class=\"elementor-element elementor-element-c0ff71b uael-urf-icon-yes elementor-button-align-start uael-form-message-style-default elementor-widget elementor-widget-uael-registration-form\" data-id=\"c0ff71b\" data-element_type=\"widget\" data-e-type=\"widget\" data-settings=\"{&quot;field_border_width_box&quot;:{&quot;unit&quot;:&quot;px&quot;,&quot;top&quot;:&quot;0&quot;,&quot;right&quot;:&quot;0&quot;,&quot;bottom&quot;:&quot;0&quot;,&quot;left&quot;:&quot;0&quot;,&quot;isLinked&quot;:true},&quot;button_align&quot;:&quot;start&quot;,&quot;button_width&quot;:&quot;100&quot;,&quot;field_border_width_box_tablet&quot;:{&quot;unit&quot;:&quot;px&quot;,&quot;top&quot;:&quot;&quot;,&quot;right&quot;:&quot;&quot;,&quot;bottom&quot;:&quot;&quot;,&quot;left&quot;:&quot;&quot;,&quot;isLinked&quot;:true},&quot;field_border_width_box_mobile&quot;:{&quot;unit&quot;:&quot;px&quot;,&quot;top&quot;:&quot;&quot;,&quot;right&quot;:&quot;&quot;,&quot;bottom&quot;:&quot;&quot;,&quot;left&quot;:&quot;&quot;,&quot;isLinked&quot;:true},&quot;fields_icon_size&quot;:{&quot;unit&quot;:&quot;px&quot;,&quot;size&quot;:&quot;&quot;,&quot;sizes&quot;:[]},&quot;fields_icon_size_tablet&quot;:{&quot;unit&quot;:&quot;px&quot;,&quot;size&quot;:&quot;&quot;,&quot;sizes&quot;:[]},&quot;fields_icon_size_mobile&quot;:{&quot;unit&quot;:&quot;px&quot;,&quot;size&quot;:&quot;&quot;,&quot;sizes&quot;:[]}}\" data-widget_type=\"uael-registration-form.default\">\n\t\t\t\t<div class=\"elementor-widget-container\">\n\t\t\t\t\t\t\t\t\t\t<div class=\"uael-registration-form\" data-page-id=\"8\" data-success-message=\"\u00a1Gracias por registrarte con nosotros!\" data-error-message=\"Error: \u00a1Algo sali\u00f3 mal! No se pudo completar el proceso de registro.\" data-strength-check=\"\" data-redirect-url=\"https:\/\/azucarlounge.com\/licorera\/felicidades\/\" data-auto_login=\"yes\" data-send_email=\"both\">\n\t\t\t\t\t\t<form class=\"elementor-form\" method=\"post\">\n\n\t\t\t\t\t\t\t<div class=\"uael-registration-form-wrapper elementor-form-fields-wrapper elementor-labels-above\">\n\t\t\t\t\t\t\t\t\t\t\t\t\t\t\t\t\t\t<div class=\"elementor-field-required elementor-field-group uael-input-fields elementor-field-type-user_name elementor-column elementor-col-100\">\n\t\t\t\t\t\t\t\t\t\t\t<label for=\"form-field-user_name\" class=\"elementor-field-label\">Usuario<\/label><div class=\"uael-urf-field-wrapper\"><input size=\"1\" type=\"text\" name=\"user_name\" placeholder=\"Nombre de usuario\" class=\"elementor-field elementor-size-sm form-field-user_name elementor-field-textual\" required=\"required\" aria-required=\"true\"><span class=\"uael-fields-icon\"><i class=\"fa fa-user\"><\/i><\/span><\/div>\t\t\t\t\t\t\t\t\t\t\t\t\t\t\t\t\t\t\t\t\t<\/div>\n\t\t\t\t\t\t\t\t\t\t\t\t\t\t\t\t\t\t\t\t<div class=\"elementor-field-required elementor-field-group uael-input-fields elementor-field-type-email elementor-column elementor-col-100\">\n\t\t\t\t\t\t\t\t\t\t\t<label for=\"form-field-email\" class=\"elementor-field-label\">Email<\/label><div class=\"uael-urf-field-wrapper\"><input size=\"1\" type=\"email\" name=\"email\" placeholder=\"Correo electr\u00f3nico\" class=\"elementor-field elementor-size-sm form-field-email elementor-field-textual\" required=\"required\" aria-required=\"true\"><span class=\"uael-fields-icon\"><i class=\"fas fa-envelope\"><\/i><\/span><\/div>\t\t\t\t\t\t\t\t\t\t\t\t\t\t\t\t\t\t\t\t\t<\/div>\n\t\t\t\t\t\t\t\t\t\t\t\t\t\t\t\t\t\t\t\t<div class=\"elementor-field-required elementor-field-group uael-input-fields elementor-field-type-password elementor-column elementor-col-100\">\n\t\t\t\t\t\t\t\t\t\t\t<label for=\"form-field-password\" class=\"elementor-field-label\">Password<\/label><div class=\"uael-urf-field-wrapper\"><input size=\"1\" type=\"password\" name=\"password\" placeholder=\"Password\" class=\"elementor-field elementor-size-sm form-field-password elementor-field-textual\" required=\"required\" aria-required=\"true\"><span class=\"uael-fields-icon\"><i class=\"fa fa-lock\"><\/i><\/span><\/div>\t\t\t\t\t\t\t\t\t\t\t\t\t\t\t\t\t\t\t\t\t\t\t<div class=\"uael-pass-wrapper\" style=\"display: none;\">\n\t\t\t\t\t\t\t\t\t\t\t\t\t<div class=\"uael-pass-bar\"><div class=\"uael-pass-bar-color\"><\/div><\/div>\n\t\t\t\t\t\t\t\t\t\t\t\t\t<span class=\"uael-pass-notice\"><\/span>\n\t\t\t\t\t\t\t\t\t\t\t\t<\/div>\n\t\t\t\t\t\t\t\t\t\t\t\t\t\t\t\t\t\t\t\t\t<\/div>\n\t\t\t\t\t\t\t\t\t\t\t\t\t\t\t\t\t\t\n\t\t\t\t\t\t\t\t<div class=\"uael-reg-form-submit elementor-button-wrapper elementor-field-group elementor-column elementor-field-type-submit elementor-col-100\">\n\t\t\t\t\t\t\t\t\t<button type=\"submit\" class=\"elementor-button uael-register-submit elementor-size-sm\">\n\t\t\t\t\t\t\t\t\t\t<span >\n\t\t\t\t\t\t\t\t\t\t\t\t\t\t\t\t\t\t\t\t\t\t\t\t\t\t\t\t\t\t\t\t<\/span>\n\t\t\t\t\t\t\t\t\t\t\t\t\t\t\t\t\t\t\t<span class=\"elementor-button-text uael-registration-submit\"> Registrar<\/span>\n\t\t\t\t\t\t\t\t\t\t\t\t\t\t\t\t\t\t\t<\/span>\n\t\t\t\t\t\t\t\t\t<\/button>\n\t\t\t\t\t\t\t\t<\/div>\n\t\t\t\t\t\t\t\t<div class=\"uael-rform-footer elementor-field-group\">\n\n\t\t\t\t\t\t\t\t\t\n\t\t\t\t\t\t\t\t\t\t\t\t\t\t\t\t\t<\/div>\n\t\t\t\t\t\t\t<\/div>\n\t\t\t\t\t\t\t<input type=\"hidden\" id=\"uael-reg-form-nonce\" name=\"uael-reg-form-nonce\" value=\"7747ac9a9e\" \/><input type=\"hidden\" name=\"_wp_http_referer\" value=\"\/licorera\/wp-json\/wp\/v2\/pages\/8\" \/>\t\t\t\t\t\t<\/form>\n\t\t\t\t\t\t\t\t\t\t\t\t<div class=\"uael-registration-message elementor-alert\"><\/div>\n\t\t\t\t\t<\/div>\n\t\t\t\t\t\t\t\t\t<\/div>\n\t\t\t\t<\/div>\n\t\t\t\t<\/div>\n\t\t\t\t\t<\/div>\n\t\t\t\t<\/div>\n\t\t\t\t<\/div>\n\t\t","protected":false},"excerpt":{"rendered":"<p>Panel de usuario ESCRITORIO PEDIDOS DIRECCIONES METODOS DE PAGO DETALLES DE LA CUENTA SALIR Accede a tu cuenta Inicia sesi\u00f3n para disfrutar de una experiencia m\u00e1s completa en One Brunch &amp; Liquors. Registro de cliente Est\u00e1s apunto de registrate en One Brunch &amp; Liquors Usuario Email Password Registrar<\/p>\n","protected":false},"author":1,"featured_media":0,"parent":0,"menu_order":0,"comment_status":"closed","ping_status":"closed","template":"","meta":{"site-sidebar-layout":"default","site-content-layout":"","ast-site-content-layout":"default","site-content-style":"default","site-sidebar-style":"default","ast-global-header-display":"","ast-banner-title-visibility":"","ast-main-header-display":"","ast-hfb-above-header-display":"","ast-hfb-below-header-display":"","ast-hfb-mobile-header-display":"","site-post-title":"","ast-breadcrumbs-content":"","ast-featured-img":"","footer-sml-layout":"","ast-disable-related-posts":"","theme-transparent-header-meta":"","adv-header-id-meta":"","stick-header-meta":"","header-above-stick-meta":"","header-main-stick-meta":"","header-below-stick-meta":"","astra-migrate-meta-layouts":"default","ast-page-background-enabled":"default","ast-page-background-meta":{"desktop":{"background-color":"var(--ast-global-color-4)","background-image":"","background-repeat":"repeat","background-position":"center center","background-size":"auto","background-attachment":"scroll","background-type":"","background-media":"","overlay-type":"","overlay-color":"","overlay-opacity":"","overlay-gradient":""},"tablet":{"background-color":"","background-image":"","background-repeat":"repeat","background-position":"center center","background-size":"auto","background-attachment":"scroll","background-type":"","background-media":"","overlay-type":"","overlay-color":"","overlay-opacity":"","overlay-gradient":""},"mobile":{"background-color":"","background-image":"","background-repeat":"repeat","background-position":"center center","background-size":"auto","background-attachment":"scroll","background-type":"","background-media":"","overlay-type":"","overlay-color":"","overlay-opacity":"","overlay-gradient":""}},"ast-content-background-meta":{"desktop":{"background-color":"var(--ast-global-color-5)","background-image":"","background-repeat":"repeat","background-position":"center center","background-size":"auto","background-attachment":"scroll","background-type":"","background-media":"","overlay-type":"","overlay-color":"","overlay-opacity":"","overlay-gradient":""},"tablet":{"background-color":"var(--ast-global-color-5)","background-image":"","background-repeat":"repeat","background-position":"center center","background-size":"auto","background-attachment":"scroll","background-type":"","background-media":"","overlay-type":"","overlay-color":"","overlay-opacity":"","overlay-gradient":""},"mobile":{"background-color":"var(--ast-global-color-5)","background-image":"","background-repeat":"repeat","background-position":"center center","background-size":"auto","background-attachment":"scroll","background-type":"","background-media":"","overlay-type":"","overlay-color":"","overlay-opacity":"","overlay-gradient":""}},"footnotes":""},"class_list":["post-8","page","type-page","status-publish","hentry"],"_links":{"self":[{"href":"https:\/\/www.azucarlounge.com\/licorera\/wp-json\/wp\/v2\/pages\/8","targetHints":{"allow":["GET"]}}],"collection":[{"href":"https:\/\/www.azucarlounge.com\/licorera\/wp-json\/wp\/v2\/pages"}],"about":[{"href":"https:\/\/www.azucarlounge.com\/licorera\/wp-json\/wp\/v2\/types\/page"}],"author":[{"embeddable":true,"href":"https:\/\/www.azucarlounge.com\/licorera\/wp-json\/wp\/v2\/users\/1"}],"replies":[{"embeddable":true,"href":"https:\/\/www.azucarlounge.com\/licorera\/wp-json\/wp\/v2\/comments?post=8"}],"version-history":[{"count":188,"href":"https:\/\/www.azucarlounge.com\/licorera\/wp-json\/wp\/v2\/pages\/8\/revisions"}],"predecessor-version":[{"id":2876,"href":"https:\/\/www.azucarlounge.com\/licorera\/wp-json\/wp\/v2\/pages\/8\/revisions\/2876"}],"wp:attachment":[{"href":"https:\/\/www.azucarlounge.com\/licorera\/wp-json\/wp\/v2\/media?parent=8"}],"curies":[{"name":"wp","href":"https:\/\/api.w.org\/{rel}","templated":true}]}}